{"id":17559,"date":"2024-11-03T16:12:08","date_gmt":"2024-11-03T15:12:08","guid":{"rendered":"https:\/\/codiane.app\/?page_id=17559"},"modified":"2024-11-03T16:54:44","modified_gmt":"2024-11-03T15:54:44","slug":"privacy-policy","status":"publish","type":"page","link":"https:\/\/codiane.app\/ar\/privacy-policy\/","title":{"rendered":"\u0633\u064a\u0627\u0633\u0629 \u0627\u0644\u062e\u0635\u0648\u0635\u064a\u0629"},"content":{"rendered":"<div data-elementor-type=\"wp-page\" data-elementor-id=\"17559\" class=\"elementor elementor-17559\">\n\t\t\t\t\t\t\t<div class=\"wd-negative-gap elementor-element elementor-element-b0b29b9 wd-section-stretch e-flex e-con-boxed e-con e-parent\" data-id=\"b0b29b9\" data-element_type=\"container\" data-settings=\"{&quot;content_width&quot;:&quot;boxed&quot;}\" data-core-v316-plus=\"true\">\n\t\t\t\t\t<div class=\"e-con-inner\">\n\t\t\t\t<div class=\"elementor-element elementor-element-9d22085 elementor-widget elementor-widget-wd_button\" data-id=\"9d22085\" data-element_type=\"widget\" data-widget_type=\"wd_button.default\">\n\t\t\t\t<div class=\"elementor-widget-container\">\n\t\t\t\t\t<div class=\"wd-button-wrapper text-left\" >\n\t\t\t<a class=\"btn btn-style-default btn-style-semi-round btn-size-small btn-color-default btn-icon-pos-left\"  href=\"https:\/\/codiane.app\/ar\/\">\n\t\t\t\t<span class=\"wd-btn-text\" data-elementor-setting-key=\"text\">\n\t\t\t\t\t\u0627\u0644\u0639\u0648\u062f\u0629 \u0625\u0644\u0649 \u0627\u0644\u0635\u0641\u062d\u0629 \u0627\u0644\u0633\u0627\u0628\u0642\u0629\t\t\t\t<\/span>\n\n\t\t\t\t\t\t\t\t\t<span class=\"wd-btn-icon\">\n\t\t\t\t\t\t<img decoding=\"async\"  src=\"https:\/\/codiane.app\/wp-content\/uploads\/2024\/11\/icn_screen_back_home02.svg\" title=\"icn_screen_back_home02\" width=\"24\">\t\t\t\t\t<\/span>\n\t\t\t\t\t\t\t<\/a>\n\t\t<\/div>\n\t\t\t\t<\/div>\n\t\t\t\t<\/div>\n\t\t\t\t\t<\/div>\n\t\t\t\t<\/div>\n\t\t<div class=\"wd-negative-gap elementor-element elementor-element-ec2420a wd-section-stretch e-flex e-con-boxed e-con e-parent\" data-id=\"ec2420a\" data-element_type=\"container\" data-settings=\"{&quot;content_width&quot;:&quot;boxed&quot;}\" data-core-v316-plus=\"true\">\n\t\t\t\t\t<div class=\"e-con-inner\">\n\t\t\t\t<div class=\"elementor-element elementor-element-6bc45ea elementor-widget elementor-widget-html\" data-id=\"6bc45ea\" data-element_type=\"widget\" data-widget_type=\"html.default\">\n\t\t\t\t<div class=\"elementor-widget-container\">\n\t\t\t\t\t\t<link rel=\"stylesheet\" id=\"elementor-post-17466-css\" href=\"https:\/\/codiane.app\/wp-content\/uploads\/elementor\/css\/post-17466.css?ver=1730648920\" type=\"text\/css\" media=\"all\">\n\t\t\t\t\t<div data-elementor-type=\"wp-post\" data-elementor-id=\"17466\" class=\"elementor elementor-17466\">\n\t\t\t\t\t\t\t<div class=\"wd-negative-gap elementor-element elementor-element-1aeb29d e-flex e-con-boxed wd-section-disabled e-con e-parent\" data-id=\"1aeb29d\" data-element_type=\"container\" data-settings=\"{&quot;content_width&quot;:&quot;boxed&quot;}\" data-core-v316-plus=\"true\">\n\t\t\t\t\t<div class=\"e-con-inner\">\n\t\t\t\t<div class=\"elementor-element elementor-element-dd8c7b7 elementor-widget elementor-widget-wd_title\" data-id=\"dd8c7b7\" data-element_type=\"widget\" data-widget_type=\"wd_title.default\">\n\t\t\t\t<div class=\"elementor-widget-container\">\n\t\t\t\t\t<div class=\"title-wrapper set-mb-s reset-last-child wd-title-color-default wd-title-style-default wd-title-size-default text-center\">\n\n\t\t\t\n\t\t\t<div class=\"liner-continer\">\n\t\t\t\t<h4 class=\"woodmart-title-container title wd-fontsize-l\">Politique de Confidentialit\u00e9 de Codiane<\/h4> \n\t\t\t\t\t\t\t<\/div>\n\n\t\t\t\t\t<\/div>\n\t\t\t\t<\/div>\n\t\t\t\t<\/div>\n\t\t\t\t\t<\/div>\n\t\t\t\t<\/div>\n\t\t<div class=\"wd-negative-gap elementor-element elementor-element-ad8f981 e-flex e-con-boxed wd-section-disabled e-con e-parent\" data-id=\"ad8f981\" data-element_type=\"container\" data-settings=\"{&quot;content_width&quot;:&quot;boxed&quot;}\" data-core-v316-plus=\"true\">\n\t\t\t\t\t<div class=\"e-con-inner\">\n\t\t\t\t<div class=\"elementor-element elementor-element-7804dcb elementor-widget elementor-widget-wd_text_block\" data-id=\"7804dcb\" data-element_type=\"widget\" data-widget_type=\"wd_text_block.default\">\n\t\t\t\t<div class=\"elementor-widget-container\">\n\t\t\t\t\t<div class=\"wd-text-block reset-last-child text-left color-title\">\n\t\t\t\n\t\t\t<p data-renderer-start-pos=\"42\"><strong data-renderer-mark=\"true\">Derni\u00e8re mise \u00e0 jour :<\/strong> [03\/11\/2024]<\/p><p data-renderer-start-pos=\"82\">Chez Codiane, nous accordons une grande importance \u00e0 la protection de vos donn\u00e9es personnelles. Cette politique de confidentialit\u00e9 explique quelles informations nous recueillons, comment nous les utilisons, et les mesures que nous prenons pour garantir leur s\u00e9curit\u00e9.<\/p><p data-renderer-start-pos=\"82\">\u00a0<\/p><h3 data-renderer-start-pos=\"351\">1. Collecte des Donn\u00e9es Personnelles<\/h3><p data-renderer-start-pos=\"389\">Nous collectons les types de donn\u00e9es personnelles suivants aupr\u00e8s de nos utilisateurs :<\/p><ul class=\"ak-ul\" data-indent-level=\"1\"><li><p data-renderer-start-pos=\"480\"><strong data-renderer-mark=\"true\">\u0627\u0644\u0625\u0633\u0645<\/strong><\/p><\/li><li><p data-renderer-start-pos=\"487\"><strong data-renderer-mark=\"true\">\u0631\u0642\u0645 \u0627\u0644\u0647\u0627\u062a\u0641<\/strong><\/p><\/li><li><p data-renderer-start-pos=\"510\"><strong data-renderer-mark=\"true\">Adresse e-mail<\/strong><\/p><\/li><li><p data-renderer-start-pos=\"528\"><strong data-renderer-mark=\"true\">Adresses de livraison<\/strong><\/p><\/li><\/ul><p data-renderer-start-pos=\"553\">Nous recueillons \u00e9galement des donn\u00e9es de suivi \u00e0 des fins d'analyse pour am\u00e9liorer le produit et l'exp\u00e9rience utilisateur.<\/p><p data-renderer-start-pos=\"553\">\u00a0<\/p><h3 data-renderer-start-pos=\"678\">2. Utilisation des Donn\u00e9es<\/h3><p data-renderer-start-pos=\"706\">Les donn\u00e9es que nous collectons sont utilis\u00e9es pour :<\/p><ul class=\"ak-ul\" data-indent-level=\"1\"><li><p data-renderer-start-pos=\"763\"><strong data-renderer-mark=\"true\">Traiter les commandes<\/strong> effectu\u00e9es par les utilisateurs.<\/p><\/li><li><p data-renderer-start-pos=\"821\"><strong data-renderer-mark=\"true\">Envoyer des notifications<\/strong> concernant l'\u00e9tat des commandes et des promotions.<\/p><\/li><li><p data-renderer-start-pos=\"901\"><strong data-renderer-mark=\"true\">Fins marketing<\/strong>, notamment pour informer les utilisateurs des meilleures offres et promotions disponibles.<\/p><\/li><li><p data-renderer-start-pos=\"1010\"><strong data-renderer-mark=\"true\">Analyse interne<\/strong>, pour comprendre les comportements utilisateurs et am\u00e9liorer nos services.<\/p><\/li><\/ul><p>\u00a0<\/p><h3 data-renderer-start-pos=\"1104\">3. Partage des Donn\u00e9es avec des Tiers<\/h3><p data-renderer-start-pos=\"1143\">Nous partageons certaines donn\u00e9es personnelles avec des tiers, en particulier les restaurants partenaires, pour leur permettre de mieux comprendre la performance de leur activit\u00e9. Les donn\u00e9es sont \u00e9galement utilis\u00e9es pour des analyses internes afin d'am\u00e9liorer le service.<\/p><p data-renderer-start-pos=\"1143\">\u00a0<\/p><h3 data-renderer-start-pos=\"1417\">4. Stockage et S\u00e9curit\u00e9 des Donn\u00e9es<\/h3><p data-renderer-start-pos=\"1454\">Vos donn\u00e9es personnelles sont stock\u00e9es via notre fournisseur de cloud <strong data-renderer-mark=\"true\">Contabo<\/strong>. Nous avons mis en place les mesures de s\u00e9curit\u00e9 suivantes pour prot\u00e9ger vos informations :<\/p><ul class=\"ak-ul\" data-indent-level=\"1\"><li><p data-renderer-start-pos=\"1627\"><strong data-renderer-mark=\"true\">Chiffrement<\/strong> des donn\u00e9es en transit via SSL\/TLS et, lorsque cela est applicable, des donn\u00e9es au repos.<\/p><\/li><li><p data-renderer-start-pos=\"1732\"><strong data-renderer-mark=\"true\">Contr\u00f4les d'acc\u00e8s rigoureux<\/strong>, garantissant que seules les personnes autoris\u00e9es peuvent acc\u00e9der aux donn\u00e9es.<\/p><\/li><li><p data-renderer-start-pos=\"1842\"><strong data-renderer-mark=\"true\">Pare-feu et protection contre les attaques DDoS<\/strong> pour emp\u00eacher l'acc\u00e8s non autoris\u00e9 et prot\u00e9ger contre les cyberattaques.<\/p><\/li><li><p data-renderer-start-pos=\"1966\"><strong data-renderer-mark=\"true\">Sauvegardes r\u00e9guli\u00e8res<\/strong> pour \u00e9viter la perte de donn\u00e9es en cas de panne mat\u00e9rielle ou d'incident.<\/p><\/li><\/ul><p>\u00a0<\/p><h3 data-renderer-start-pos=\"2066\">5. Droits des Utilisateurs<\/h3><p data-renderer-start-pos=\"2094\">En tant qu'utilisateur de Codiane, vous avez le droit de :<\/p><ul class=\"ak-ul\" data-indent-level=\"1\"><li><p data-renderer-start-pos=\"2156\"><strong data-renderer-mark=\"true\">Modifier ou supprimer vos donn\u00e9es personnelles<\/strong> directement depuis l'application.<\/p><\/li><\/ul><p>\u00a0<\/p><h3 data-renderer-start-pos=\"2240\">6. Conservation des Donn\u00e9es<\/h3><p data-renderer-start-pos=\"2269\">Vos donn\u00e9es personnelles seront conserv\u00e9es pendant <strong data-renderer-mark=\"true\">1 an<\/strong> apr\u00e8s la r\u00e9siliation de votre compte ou apr\u00e8s une p\u00e9riode d'inactivit\u00e9.<\/p><p data-renderer-start-pos=\"2269\">\u00a0<\/p><h3 data-renderer-start-pos=\"2398\">7. Modifications de la Politique de Confidentialit\u00e9<\/h3><p data-renderer-start-pos=\"2451\">Toute modification de cette politique de confidentialit\u00e9 sera communiqu\u00e9e via notre site web et par e-mail.<\/p><p data-renderer-start-pos=\"2451\">\u00a0<\/p><h3 data-renderer-start-pos=\"2560\">8. Contact<\/h3><p data-renderer-start-pos=\"2572\">Pour toute question ou pr\u00e9occupation concernant cette politique de confidentialit\u00e9, vous pouvez nous contacter via le formulaire disponible sur notre site web :<br \/><a class=\"css-1rn59kg\" title=\"https:\/\/codiane.app\/contact\" href=\"https:\/\/codiane.app\/ar\/contact\/\" data-testid=\"link-with-safety\" data-renderer-mark=\"true\">https:\/\/codiane.app\/contact<\/a><br \/>ou \u00e0 l'adresse suivante :<br \/><a class=\"css-1rn59kg\" title=\"mailto:contact@developatic.com\" href=\"mailto:contact@developatic.com\" data-testid=\"link-with-safety\" data-renderer-mark=\"true\"><strong data-renderer-mark=\"true\">contact@developatic.com<\/strong><\/a><\/p>\n\t\t\t\t\t<\/div>\n\t\t\t\t<\/div>\n\t\t\t\t<\/div>\n\t\t\t\t\t<\/div>\n\t\t\t\t<\/div>\n\t\t\t\t\t\t\t<\/div>\n\t\t\t\t<\/div>\n\t\t\t\t<\/div>\n\t\t\t\t\t<\/div>\n\t\t\t\t<\/div>\n\t\t\t\t\t\t\t<\/div>","protected":false},"excerpt":{"rendered":"<p>\u0627\u0644\u0639\u0648\u062f\u0629 \u0625\u0644\u0649 \u0627\u0644\u0635\u0641\u062d\u0629 \u0627\u0644\u0633\u0627\u0628\u0642\u0629<\/p>","protected":false},"author":1,"featured_media":0,"parent":0,"menu_order":0,"comment_status":"closed","ping_status":"closed","template":"elementor_canvas","meta":{"om_disable_all_campaigns":false,"_monsterinsights_skip_tracking":false,"_monsterinsights_sitenote_active":false,"_monsterinsights_sitenote_note":"","_monsterinsights_sitenote_category":0,"footnotes":""},"class_list":["post-17559","page","type-page","status-publish","hentry"],"aioseo_notices":[],"_links":{"self":[{"href":"https:\/\/codiane.app\/ar\/wp-json\/wp\/v2\/pages\/17559","targetHints":{"allow":["GET"]}}],"collection":[{"href":"https:\/\/codiane.app\/ar\/wp-json\/wp\/v2\/pages"}],"about":[{"href":"https:\/\/codiane.app\/ar\/wp-json\/wp\/v2\/types\/page"}],"author":[{"embeddable":true,"href":"https:\/\/codiane.app\/ar\/wp-json\/wp\/v2\/users\/1"}],"replies":[{"embeddable":true,"href":"https:\/\/codiane.app\/ar\/wp-json\/wp\/v2\/comments?post=17559"}],"version-history":[{"count":13,"href":"https:\/\/codiane.app\/ar\/wp-json\/wp\/v2\/pages\/17559\/revisions"}],"predecessor-version":[{"id":17623,"href":"https:\/\/codiane.app\/ar\/wp-json\/wp\/v2\/pages\/17559\/revisions\/17623"}],"wp:attachment":[{"href":"https:\/\/codiane.app\/ar\/wp-json\/wp\/v2\/media?parent=17559"}],"curies":[{"name":"wp","href":"https:\/\/api.w.org\/{rel}","templated":true}]}}